{"id":470,"date":"2010-09-03T03:37:59","date_gmt":"2010-09-03T01:37:59","guid":{"rendered":"http:\/\/www.cpov.de\/?page_id=470"},"modified":"2013-04-11T10:32:10","modified_gmt":"2013-04-11T08:32:10","slug":"podiumsdiskussion","status":"publish","type":"page","link":"https:\/\/www.cpov.de\/?page_id=470","title":{"rendered":"Podiumsdiskussion: Wikipedia und Kritik"},"content":{"rendered":"<p><strong>PodiumsteilnehmerInnen:<\/strong> Jan Eissfeldt, Thomas K\u00f6nig, Geert Lovink, Anne Roth und Mathias Schindler<br \/>\n<strong>Moderation:<\/strong> <a href=\"https:\/\/www.cpov.de\/?page_id=660\" target=\"_self\">Anja Krieger<\/a><\/p>\n<p>Mittlerweile haben die Diskussionen \u00fcber Funktionsweise und interne Richtlinien der Wikipedia in der Medienwelt ihre Spuren hinterlassen: Wikipedia ist Thema in Blogpostings und Feuilletonbeitr\u00e4gen. Insbesondere Diskussionen \u00fcber Wachstum und Qualit\u00e4t von Artikeln sowie damit verbunden die Debatte \u00fcber die Wikipedia- Relevanzkriterien haben f\u00fcr etwas mediale Furore gesorgt: \u201eWas geh\u00f6rt in die Wikipedia?\u201c \u201eWas nicht?\u201c \u201eUnd wer entscheidet wie dar\u00fcber?\u201c Diese Fragen zeigen, dass das digitale Leitmedium Wikipedia in einer Phase der (Selbst-)Reflektion steckt: \u201eWie gro\u00df kann ein Mitmachprojekt sein?\u201c \u201eBefinden sich die gro\u00dfen Sprachversionen der Wikipedia in einer Phase der Professionalisierung?\u201c \u201eWenn ja, was bedeutet eine solche Entwicklung f\u00fcr Partizipation und Offenheit?\u201c<\/p>\n<p>Sich diesen Fragen zu stellen, hei\u00dft dar\u00fcber zu diskutieren, was die Wikipedia sein will und welche Selbstanspr\u00fcche mit der Betonung eine \u201efreie Online- Enzyklop\u00e4die\u201c zu sein verbunden sind. Die Podiumsdiskussion fragt nach den kritischen Standpunkten innerhalb und au\u00dferhalb der Wikipedia-Community: Wie vertragen sich Prinzipien der Offenheit und Partizipation mit Qualit\u00e4tsanspr\u00fcchen und Tendenzen der Professionalisierung? Inwiefern ist mit jenen Tendenzen der Schlie\u00dfung und Professionalisierung eine Reproduktion gesellschaftlicher Mainstream-Wissensproduktion verbunden oder kann Wikipedia zugleich als Gegen\u00f6ffentlichkeit gelesen werden, die N\u00e4hrboden f\u00fcr Medienkritik und einen reflektierten Umgang mit Medien bietet? Was ist eigentlich unter einer \u201afreien\u2018 Online- Enzyklop\u00e4die zu verstehen? Inwiefern agieren Wikipedia und Wikimedia Deutschland e.V. selbst als KritikerInnen?<\/p>\n<p>Im Sinne einer solchen Standortbestimmung diskutieren aktive BenutzeeInnen der Wikipedia, MitarbeiterInnen des Vereins Wikimedia Deutschland e.V., MedienkritikerInnen und -aktivistInnen \u00fcber das Selbstverst\u00e4ndnis und die Bedeutung der freien Online-Enzyklop\u00e4die.<\/p>\n<p>Im Vorfeld bloggt die Moderatorin, Anja Krieger, Zusammenfassungen zu Analysen und Artikeln, die sich mit den zentralen Fragen der Podiumsdiskussion auseinandersetzen: <a href=\"http:\/\/anjakrieger.com\/?s=cpov\" target=\"_blank\">Lekt\u00fcre zur Wikipedia-Podiumsdiskussion<\/a><\/p>\n<h2>PodiumsteilnehmerInnen<\/h2>\n<p><strong>Jan Eissfeldt <\/strong>organisiert seit 2008 Kooperationen zwischen den Wikimedia-Projekten und Hochschulen auf drei Kontinenten. Akademisch setzt er sich mit epistemologischen Problemen digitaler Diskurse auseinander und ist Student der Philosophie an der Universit\u00e4t Leipzig.<\/p>\n<p><strong>Thomas K\u00f6nig<\/strong> schreibt seit 2004\/5 an der Wikipedia aktiv mit. Neben der Bearbeitung kontrovers diskutierter Artikel wie  <a href=\"http:\/\/de.wikipedia.org\/wiki\/Scientology\" target=\"_blank\">Scientology<\/a> hat er sich auch rege an der Diskussion \u00fcber das Wikipedia-Grundprinzip des Neutralen Standpunktes beteiligt. Er ist Soziologe und arbeitet als Post-Doc an der University of Surrey.<\/p>\n<p><strong>Geert Lovink<\/strong> ist Medientheoretiker und -kritiker. Seit 2004 ist er Professor an der <a href=\"http:\/\/www.hva.nl\/\" target=\"_blank\">Hogeschool van Amsterdam<\/a> und hat dort das Institut f\u00fcr kritische Netztheorie (<a href=\"http:\/\/networkcultures.org\/\" target=\"_blank\">Institute for Network Cultures<\/a>) gegr\u00fcndet. In seinen Ver\u00f6ffentlichungen wie \u201eDark Fiber\u201c (2002), \u201eUncanny Networks\u201c (2002), \u201eMy First Recession\u201c (2003) oder \u201eZero Comments\u201c (2007) besch\u00e4ftigt er sich mit Entwicklungen der Netzkultur. Geert Lovink ist einer der Initiatoren der <a href=\"http:\/\/networkcultures.org\/wpmu\/cpov\/\" target=\"_blank\">Wikipedia-Forschungsinitiative CPoV<\/a>.<\/p>\n<p><strong>Anne Roth<\/strong> ist Bloggerin und Medienaktivistin. 2001 gr\u00fcndete sie mit vielen anderen <a href=\"http:\/\/de.indymedia.org\/\" target=\"_blank\">Indymedia Deutschland<\/a> als erste interaktive unabh\u00e4ngige Medienplattform. Nachdem im Sommer 2007 ihr Freund Andrej Holm mit dem Vorwurf festgenommen wurde, Terrorist zu sein, startete sie den Blog <a href=\"http:\/\/annalist.noblogs.org\/\" target=\"_blank\">annalist<\/a> mit Innenansichten einer Anti-Terror-Ermittlung. Anne Roth schreibt \u00fcber Innere Sicherheit, Netzpolitik, \u00dcberwachung, daneben auch \u00fcber Geschlechterverh\u00e4ltnisse in der deutschen Blogosph\u00e4re.<\/p>\n<p><strong>Mathias Schindler<\/strong> ist seit 2003 Autor bei Wikipedia. 2004 gr\u00fcndete er zusammen mit anderen WikipedianerInnen in Berlin den Verein Wikipedia Deutschland e.V. Seit 2009 arbeitet er dort als Projektmanager. In seiner Freizeit bloggt er u.a. auf <a href=\"http:\/\/www.netzpolitik.org\/\" target=\"_blank\">netzpolitik.org<\/a>.<\/p>\n<h2>Video<\/h2>\n<p><iframe loading=\"lazy\" src=\"http:\/\/player.vimeo.com\/video\/15802322?title=0&amp;byline=0&amp;portrait=0\" width=\"530\" height=\"298\" frameborder=\"0\"><\/iframe><\/p>\n<h2>Fotos<\/h2>\n<p><a href=\"https:\/\/www.cpov.de\/wp-content\/uploads\/2010\/10\/Podiumsdiskussion_IMG_4562.jpg\" rel=\"lightbox[470]\"><img decoding=\"async\" src=\"https:\/\/www.cpov.de\/wp-content\/uploads\/2010\/10\/Podiumsdiskussion_IMG_4562-300x200.jpg\" alt=\"\" title=\"Podiumsdiskussion Wikipedia und Kritik\" width=\"250\" style=\"margin: 5px;\" class=\"alignleft size-medium wp-image-904\" srcset=\"https:\/\/www.cpov.de\/wp-content\/uploads\/2010\/10\/Podiumsdiskussion_IMG_4562-300x200.jpg 300w, https:\/\/www.cpov.de\/wp-content\/uploads\/2010\/10\/Podiumsdiskussion_IMG_4562-1024x682.jpg 1024w\" sizes=\"(max-width: 300px) 100vw, 300px\" \/><\/a><a href=\"https:\/\/www.cpov.de\/wp-content\/uploads\/2010\/10\/Podiumsdiskussion_IMG_9449.jpg\" rel=\"lightbox[470]\"><img decoding=\"async\" src=\"https:\/\/www.cpov.de\/wp-content\/uploads\/2010\/10\/Podiumsdiskussion_IMG_9449-300x200.jpg\" alt=\"\" title=\"Podiumsdiskussion in der Bibliotheka Albertina\" width=\"250\" style=\"margin: 5px;\" class=\"alignleft size-medium wp-image-913\" srcset=\"https:\/\/www.cpov.de\/wp-content\/uploads\/2010\/10\/Podiumsdiskussion_IMG_9449-300x200.jpg 300w, https:\/\/www.cpov.de\/wp-content\/uploads\/2010\/10\/Podiumsdiskussion_IMG_9449-1024x682.jpg 1024w\" sizes=\"(max-width: 300px) 100vw, 300px\" \/><\/a><a href=\"https:\/\/www.cpov.de\/wp-content\/uploads\/2010\/10\/Podiumsdiskussion_IMG_9439.jpg\" rel=\"lightbox[470]\"><img decoding=\"async\" src=\"https:\/\/www.cpov.de\/wp-content\/uploads\/2010\/10\/Podiumsdiskussion_IMG_9439-300x200.jpg\" alt=\"\" title=\"Publikum\" width=\"250\" style=\"margin: 5px;\" class=\"alignleft size-medium wp-image-912\" srcset=\"https:\/\/www.cpov.de\/wp-content\/uploads\/2010\/10\/Podiumsdiskussion_IMG_9439-300x200.jpg 300w, https:\/\/www.cpov.de\/wp-content\/uploads\/2010\/10\/Podiumsdiskussion_IMG_9439-1024x682.jpg 1024w\" sizes=\"(max-width: 300px) 100vw, 300px\" \/><\/a><a href=\"https:\/\/www.cpov.de\/wp-content\/uploads\/2010\/10\/Podiumsdiskussion_IMG_9438.jpg\" rel=\"lightbox[470]\"><img decoding=\"async\" src=\"https:\/\/www.cpov.de\/wp-content\/uploads\/2010\/10\/Podiumsdiskussion_IMG_9438-300x200.jpg\" alt=\"\" title=\"Podiumsdiskussion Wikipedia und Kritik: Thomas K\u00f6nig\" width=\"250\" style=\"margin: 5px;\" class=\"alignleft size-medium wp-image-911\" srcset=\"https:\/\/www.cpov.de\/wp-content\/uploads\/2010\/10\/Podiumsdiskussion_IMG_9438-300x200.jpg 300w, https:\/\/www.cpov.de\/wp-content\/uploads\/2010\/10\/Podiumsdiskussion_IMG_9438-1024x682.jpg 1024w\" sizes=\"(max-width: 300px) 100vw, 300px\" \/><\/a><a href=\"https:\/\/www.cpov.de\/wp-content\/uploads\/2010\/10\/Podiumsdiskussion_IMG_4564.jpg\" rel=\"lightbox[470]\"><img decoding=\"async\" src=\"https:\/\/www.cpov.de\/wp-content\/uploads\/2010\/10\/Podiumsdiskussion_IMG_4564-682x1024.jpg\" alt=\"\" title=\"Podiumsdiskussion Wikipedia und Kritik\" width=\"250\" style=\"margin: 5px;\" class=\"alignleft size-large wp-image-906\" \/><\/a><a href=\"https:\/\/www.cpov.de\/wp-content\/uploads\/2010\/10\/Podiumsdiskussion_IMG_9409.jpg\" rel=\"lightbox[470]\"><img decoding=\"async\" src=\"https:\/\/www.cpov.de\/wp-content\/uploads\/2010\/10\/Podiumsdiskussion_IMG_9409-682x1024.jpg\" alt=\"\" title=\"Moderatorin Anja Krieger\" width=\"250\" style=\"margin: 5px;\" class=\"alignleft size-large wp-image-909\" srcset=\"https:\/\/www.cpov.de\/wp-content\/uploads\/2010\/10\/Podiumsdiskussion_IMG_9409-682x1024.jpg 682w, https:\/\/www.cpov.de\/wp-content\/uploads\/2010\/10\/Podiumsdiskussion_IMG_9409-200x300.jpg 200w, https:\/\/www.cpov.de\/wp-content\/uploads\/2010\/10\/Podiumsdiskussion_IMG_9409.jpg 2000w\" sizes=\"(max-width: 682px) 100vw, 682px\" \/><\/a><a href=\"https:\/\/www.cpov.de\/wp-content\/uploads\/2010\/10\/Podiumsdiskussion_IMG_9477.jpg\" rel=\"lightbox[470]\"><img decoding=\"async\" src=\"https:\/\/www.cpov.de\/wp-content\/uploads\/2010\/10\/Podiumsdiskussion_IMG_9477-682x1024.jpg\" alt=\"\" title=\"Anne Roth\" width=\"250\" style=\"margin: 5px;\" class=\"alignleft size-large wp-image-916\" srcset=\"https:\/\/www.cpov.de\/wp-content\/uploads\/2010\/10\/Podiumsdiskussion_IMG_9477-682x1024.jpg 682w, https:\/\/www.cpov.de\/wp-content\/uploads\/2010\/10\/Podiumsdiskussion_IMG_9477-200x300.jpg 200w, https:\/\/www.cpov.de\/wp-content\/uploads\/2010\/10\/Podiumsdiskussion_IMG_9477.jpg 2000w\" sizes=\"(max-width: 682px) 100vw, 682px\" \/><\/a><a href=\"https:\/\/www.cpov.de\/wp-content\/uploads\/2010\/10\/Podiumsdiskussion_IMG_4572.jpg\" rel=\"lightbox[470]\"><img decoding=\"async\" src=\"https:\/\/www.cpov.de\/wp-content\/uploads\/2010\/10\/Podiumsdiskussion_IMG_4572-682x1024.jpg\" alt=\"\" title=\"Podiumsdiskussion: Horst Niesyto\" width=\"250\" style=\"margin: 5px;\" class=\"alignleft size-large wp-image-905\" \/><\/a><a href=\"https:\/\/www.cpov.de\/wp-content\/uploads\/2010\/10\/Podiumsdiskussion_IMG_9470.jpg\" rel=\"lightbox[470]\"><img decoding=\"async\" src=\"https:\/\/www.cpov.de\/wp-content\/uploads\/2010\/10\/Podiumsdiskussion_IMG_9470-300x200.jpg\" alt=\"\" title=\"Podiumsdiskussion: Martin Rulsch\" width=\"250\" style=\"margin: 5px;\" class=\"alignleft size-medium wp-image-915\" srcset=\"https:\/\/www.cpov.de\/wp-content\/uploads\/2010\/10\/Podiumsdiskussion_IMG_9470-300x200.jpg 300w, https:\/\/www.cpov.de\/wp-content\/uploads\/2010\/10\/Podiumsdiskussion_IMG_9470-1024x682.jpg 1024w\" sizes=\"(max-width: 300px) 100vw, 300px\" \/><\/a><a href=\"https:\/\/www.cpov.de\/wp-content\/uploads\/2010\/10\/Podiumsdiskussion_IMG_4576.jpg\" rel=\"lightbox[470]\"><img decoding=\"async\" src=\"https:\/\/www.cpov.de\/wp-content\/uploads\/2010\/10\/Podiumsdiskussion_IMG_4576-300x200.jpg\" alt=\"\" title=\"Podiumsdiskussion: Mathias Schindler\" width=\"250\" style=\"margin: 5px;\" class=\"alignleft size-medium wp-image-907\" srcset=\"https:\/\/www.cpov.de\/wp-content\/uploads\/2010\/10\/Podiumsdiskussion_IMG_4576-300x200.jpg 300w, https:\/\/www.cpov.de\/wp-content\/uploads\/2010\/10\/Podiumsdiskussion_IMG_4576-1024x682.jpg 1024w\" sizes=\"(max-width: 300px) 100vw, 300px\" \/><\/a><a href=\"https:\/\/www.cpov.de\/wp-content\/uploads\/2010\/10\/Podiumsdiskussion_IMG_4559.jpg\" rel=\"lightbox[470]\"><img decoding=\"async\" src=\"https:\/\/www.cpov.de\/wp-content\/uploads\/2010\/10\/Podiumsdiskussion_IMG_4559-300x200.jpg\" alt=\"\" title=\"Podiumsdiskussion Wikipedia und Kritik\" width=\"250\" style=\"margin: 5px;\" class=\"alignleft size-medium wp-image-903\" srcset=\"https:\/\/www.cpov.de\/wp-content\/uploads\/2010\/10\/Podiumsdiskussion_IMG_4559-300x200.jpg 300w, https:\/\/www.cpov.de\/wp-content\/uploads\/2010\/10\/Podiumsdiskussion_IMG_4559-1024x682.jpg 1024w\" sizes=\"(max-width: 300px) 100vw, 300px\" \/><\/a><a href=\"https:\/\/www.cpov.de\/wp-content\/uploads\/2010\/10\/Podiumsdiskussion_IMG_9418.jpg\" rel=\"lightbox[470]\"><img decoding=\"async\" src=\"https:\/\/www.cpov.de\/wp-content\/uploads\/2010\/10\/Podiumsdiskussion_IMG_9418-300x200.jpg\" alt=\"\" title=\"Podiumsdiskussion Wikipedia und Kritik\" width=\"250\" style=\"margin: 5px;\" class=\"alignleft size-medium wp-image-910\" srcset=\"https:\/\/www.cpov.de\/wp-content\/uploads\/2010\/10\/Podiumsdiskussion_IMG_9418-300x200.jpg 300w, https:\/\/www.cpov.de\/wp-content\/uploads\/2010\/10\/Podiumsdiskussion_IMG_9418-1024x682.jpg 1024w\" sizes=\"(max-width: 300px) 100vw, 300px\" \/><\/a><a href=\"https:\/\/www.cpov.de\/wp-content\/uploads\/2010\/10\/Podiumsdiskussion_IMG_9377.jpg\" rel=\"lightbox[470]\"><img decoding=\"async\" src=\"https:\/\/www.cpov.de\/wp-content\/uploads\/2010\/10\/Podiumsdiskussion_IMG_9377-300x200.jpg\" alt=\"\" title=\"Podiumsdiskussion Wikipedia und Kritik\" width=\"250\" style=\"margin: 5px;\" class=\"alignleft size-medium wp-image-908\" srcset=\"https:\/\/www.cpov.de\/wp-content\/uploads\/2010\/10\/Podiumsdiskussion_IMG_9377-300x200.jpg 300w, https:\/\/www.cpov.de\/wp-content\/uploads\/2010\/10\/Podiumsdiskussion_IMG_9377-1024x682.jpg 1024w\" sizes=\"(max-width: 300px) 100vw, 300px\" \/><\/a><a href=\"https:\/\/www.cpov.de\/wp-content\/uploads\/2010\/10\/Podiumsdiskussion_IMG_9461.jpg\" rel=\"lightbox[470]\"><img decoding=\"async\" src=\"https:\/\/www.cpov.de\/wp-content\/uploads\/2010\/10\/Podiumsdiskussion_IMG_9461-300x200.jpg\" alt=\"\" title=\"Podiumsdiskussion Wikipedia und Kritik\" width=\"250\" style=\"margin: 5px;\" class=\"alignleft size-medium wp-image-914\" srcset=\"https:\/\/www.cpov.de\/wp-content\/uploads\/2010\/10\/Podiumsdiskussion_IMG_9461-300x200.jpg 300w, https:\/\/www.cpov.de\/wp-content\/uploads\/2010\/10\/Podiumsdiskussion_IMG_9461-1024x682.jpg 1024w\" sizes=\"(max-width: 300px) 100vw, 300px\" \/><\/a><br \/>\n<img loading=\"lazy\" decoding=\"async\" src=\"http:\/\/vg03.met.vgwort.de\/na\/a21c4ad77e0e4b4aa1f71e87e2fc37a3\" width=\"1\" height=\"1\" alt=\"\"><\/p>\n<!-- AddThis Advanced Settings generic via filter on the_content --><!-- AddThis Share Buttons generic via filter on the_content -->","protected":false},"excerpt":{"rendered":"<p>PodiumsteilnehmerInnen: Jan Eissfeldt, Thomas K\u00f6nig, Geert Lovink, Anne Roth und Mathias Schindler Moderation: Anja Krieger Mittlerweile haben die Diskussionen \u00fcber Funktionsweise und interne Richtlinien der Wikipedia in der Medienwelt ihre Spuren hinterlassen: Wikipedia ist Thema in Blogpostings und Feuilletonbeitr\u00e4gen. Insbesondere Diskussionen \u00fcber Wachstum und Qualit\u00e4t von Artikeln sowie damit verbunden die Debatte \u00fcber die Wikipedia- [&hellip;]<!-- AddThis Advanced Settings generic via filter on get_the_excerpt --><!-- AddThis Share Buttons generic via filter on get_the_excerpt --><\/p>\n","protected":false},"author":1,"featured_media":0,"parent":186,"menu_order":5,"comment_status":"open","ping_status":"open","template":"","meta":{"footnotes":""},"class_list":["post-470","page","type-page","status-publish","hentry"],"_links":{"self":[{"href":"https:\/\/www.cpov.de\/index.php?rest_route=\/wp\/v2\/pages\/470","targetHints":{"allow":["GET"]}}],"collection":[{"href":"https:\/\/www.cpov.de\/index.php?rest_route=\/wp\/v2\/pages"}],"about":[{"href":"https:\/\/www.cpov.de\/index.php?rest_route=\/wp\/v2\/types\/page"}],"author":[{"embeddable":true,"href":"https:\/\/www.cpov.de\/index.php?rest_route=\/wp\/v2\/users\/1"}],"replies":[{"embeddable":true,"href":"https:\/\/www.cpov.de\/index.php?rest_route=%2Fwp%2Fv2%2Fcomments&post=470"}],"version-history":[{"count":33,"href":"https:\/\/www.cpov.de\/index.php?rest_route=\/wp\/v2\/pages\/470\/revisions"}],"predecessor-version":[{"id":1141,"href":"https:\/\/www.cpov.de\/index.php?rest_route=\/wp\/v2\/pages\/470\/revisions\/1141"}],"up":[{"embeddable":true,"href":"https:\/\/www.cpov.de\/index.php?rest_route=\/wp\/v2\/pages\/186"}],"wp:attachment":[{"href":"https:\/\/www.cpov.de\/index.php?rest_route=%2Fwp%2Fv2%2Fmedia&parent=470"}],"curies":[{"name":"wp","href":"https:\/\/api.w.org\/{rel}","templated":true}]}}