{"id":541,"date":"2010-09-03T14:44:20","date_gmt":"2010-09-03T12:44:20","guid":{"rendered":"http:\/\/www.cpov.de\/?page_id=541"},"modified":"2010-10-10T00:56:09","modified_gmt":"2010-10-09T22:56:09","slug":"rene-konig","status":"publish","type":"page","link":"https:\/\/www.cpov.de\/?page_id=541","title":{"rendered":"Ren\u00e9 K\u00f6nig"},"content":{"rendered":"<p><img loading=\"lazy\" decoding=\"async\" title=\"Ren\u00e9 K\u00f6nig\" src=\"https:\/\/www.cpov.de\/wp-content\/uploads\/2010\/08\/koenig.jpg\" alt=\"Ren\u00e9 K\u00f6nig\" hspace=\"5\" width=\"150\" height=\"150\" align=\"right\" \/>Ren\u00e9 K\u00f6nig ist Soziologe und arbeitet als wissenschaftlicher Assistent am Wiener Institut f\u00fcr Technikfolgen-Absch\u00e4tzung der \u00d6sterreichischen Akademie der Wissenschaften. Dort besch\u00e4ftigt er sich im Rahmen des Forschungsprojekts <a href=\"http:\/\/www.oeaw.ac.at\/ita\/interactive\" target=\"_blank\">Interactive Science<\/a> mit den Auswirkungen von Online-Plattformen auf die Wissenschaftskommunikation, u.a. auch Wikipedia. In seiner Diplomarbeit analysierte K\u00f6nig die Diskussionsseiten zum Wikipedia-Artikel \u00fcber die Anschl\u00e4ge des 11. September 2001, die u.a. einen Einblick in das konfliktreiche Verh\u00e4ltnis von ExpertInnen und LaiInnen in einem politisch aufgeladenen Kontext gaben.<\/p>\n<h2>Wissenschaft und Wikipedia \u2013 eine konfliktreiche Zwangsehe<\/h2>\n<p>Wissenschaft und Wikipedia sind auf konfliktreiche Weise miteinander verbunden: Die Online-Enzyklop\u00e4die ist auf wissenschaftliche Expertise angewiesen, wenn sie auf deren Gebieten qualitativ befriedigende Artikel produzieren m\u00f6chte. Gleichzeitig kann die akademische Welt diesen mittlerweile zentralen Ort des Wissens kaum ignorieren: Nicht nur unter Studierenden dient sie als beliebte Ressource, auch die \u00d6ffentlichkeit erf\u00e4hrt ihr Wissenschaftsbild zunehmend aus der Wikipedia \u2013 schlie\u00dflich hat sie bereits etablierte Nachschlagewerke wie den Brockhaus verdr\u00e4ngt.<br \/>\nTats\u00e4chlich finden sich in der Wikipedia auch akademische Inhalte, an denen WissenschaftlerInnen aktiv mitschreiben: Von Lehrveranstaltungen bis zu Fachzeitschriften reicht hier das wissenschaftliche Engagement. Konfliktreich ist diese Verbindung, da Wissenschaft und Wikipedia (zum Teil) nach anderen Logiken funktionieren. Das basisdemokratische Selbstverst\u00e4ndnis der Online-Plattform ist beispielsweise nur schwer mit dem hierarchischen Organisationsprinzip der Wissenschaft zu vereinbaren; ebenso harmoniert die allenfalls hintergr\u00fcndige Bedeutung von Autorschaft nicht mit der \u00fcblichen akademischen Arbeitsweise, bei der diese eine zentrale Rolle spielt. Es lie\u00dfen sich diverse weitere Konflikte auflisten, dennoch bleiben Wissenschaft und Wikipedia \u2013 \u00e4hnlich einer Zwangsehe \u2013 untrennbar miteinander verwoben. Zu fragen ist daher, wie diese Konflikte bew\u00e4ltigt oder zumindest abgemildert werden k\u00f6nnten.<\/p>\n<p>Einen <strong>Mitschnitt<\/strong> des <a href=\"https:\/\/www.cpov.de\/?page_id=465\" target=\"_self\">Roundtable Wikipedia und Wissenschaft<\/a> k\u00f6nnen Sie <a href=\"https:\/\/www.cpov.de\/wp-content\/uploads\/2010\/09\/Roundtable.mp3\" target=\"_blank\">hier herunterladen<\/a> (39 MB).<\/p>\n<h2>Fotos<\/h2>\n<p><a href=\"https:\/\/www.cpov.de\/wp-content\/uploads\/2010\/10\/Roundtable_IMG_8989.jpg\" rel=\"lightbox[541]\"><img decoding=\"async\" src=\"https:\/\/www.cpov.de\/wp-content\/uploads\/2010\/10\/Roundtable_IMG_8989-300x200.jpg\" alt=\"\" title=\"Impulsreferat von Ren\u00e9 K\u00f6nig\" width=\"250\" style=\"margin: 5px;\" class=\"alignleft size-medium wp-image-862\" srcset=\"https:\/\/www.cpov.de\/wp-content\/uploads\/2010\/10\/Roundtable_IMG_8989-300x200.jpg 300w, https:\/\/www.cpov.de\/wp-content\/uploads\/2010\/10\/Roundtable_IMG_8989-1024x682.jpg 1024w\" sizes=\"(max-width: 300px) 100vw, 300px\" \/><\/a><a href=\"https:\/\/www.cpov.de\/wp-content\/uploads\/2010\/10\/Roundtable_IMG_9013.jpg\" rel=\"lightbox[541]\"><img decoding=\"async\" src=\"https:\/\/www.cpov.de\/wp-content\/uploads\/2010\/10\/Roundtable_IMG_9013-300x200.jpg\" alt=\"\" title=\"Impulsreferat von Ren\u00e9 K\u00f6nig\" width=\"250\" style=\"margin: 5px;\" class=\"alignleft size-medium wp-image-863\" srcset=\"https:\/\/www.cpov.de\/wp-content\/uploads\/2010\/10\/Roundtable_IMG_9013-300x200.jpg 300w, https:\/\/www.cpov.de\/wp-content\/uploads\/2010\/10\/Roundtable_IMG_9013-1024x682.jpg 1024w\" sizes=\"(max-width: 300px) 100vw, 300px\" \/><\/a><\/p>\n<!-- AddThis Advanced Settings generic via filter on the_content --><!-- AddThis Share Buttons generic via filter on the_content -->","protected":false},"excerpt":{"rendered":"<p>Ren\u00e9 K\u00f6nig ist Soziologe und arbeitet als wissenschaftlicher Assistent am Wiener Institut f\u00fcr Technikfolgen-Absch\u00e4tzung der \u00d6sterreichischen Akademie der Wissenschaften. Dort besch\u00e4ftigt er sich im Rahmen des Forschungsprojekts Interactive Science mit den Auswirkungen von Online-Plattformen auf die Wissenschaftskommunikation, u.a. auch Wikipedia. In seiner Diplomarbeit analysierte K\u00f6nig die Diskussionsseiten zum Wikipedia-Artikel \u00fcber die Anschl\u00e4ge des 11. September [&hellip;]<!-- AddThis Advanced Settings generic via filter on get_the_excerpt --><!-- AddThis Share Buttons generic via filter on get_the_excerpt --><\/p>\n","protected":false},"author":1,"featured_media":0,"parent":183,"menu_order":8,"comment_status":"open","ping_status":"open","template":"","meta":{"footnotes":""},"class_list":["post-541","page","type-page","status-publish","hentry"],"_links":{"self":[{"href":"https:\/\/www.cpov.de\/index.php?rest_route=\/wp\/v2\/pages\/541","targetHints":{"allow":["GET"]}}],"collection":[{"href":"https:\/\/www.cpov.de\/index.php?rest_route=\/wp\/v2\/pages"}],"about":[{"href":"https:\/\/www.cpov.de\/index.php?rest_route=\/wp\/v2\/types\/page"}],"author":[{"embeddable":true,"href":"https:\/\/www.cpov.de\/index.php?rest_route=\/wp\/v2\/users\/1"}],"replies":[{"embeddable":true,"href":"https:\/\/www.cpov.de\/index.php?rest_route=%2Fwp%2Fv2%2Fcomments&post=541"}],"version-history":[{"count":9,"href":"https:\/\/www.cpov.de\/index.php?rest_route=\/wp\/v2\/pages\/541\/revisions"}],"predecessor-version":[{"id":883,"href":"https:\/\/www.cpov.de\/index.php?rest_route=\/wp\/v2\/pages\/541\/revisions\/883"}],"up":[{"embeddable":true,"href":"https:\/\/www.cpov.de\/index.php?rest_route=\/wp\/v2\/pages\/183"}],"wp:attachment":[{"href":"https:\/\/www.cpov.de\/index.php?rest_route=%2Fwp%2Fv2%2Fmedia&parent=541"}],"curies":[{"name":"wp","href":"https:\/\/api.w.org\/{rel}","templated":true}]}}